{"id":14656,"date":"2018-03-30T13:28:10","date_gmt":"2018-03-30T13:28:10","guid":{"rendered":"https:\/\/vproductions.pt\/budget-request\/"},"modified":"2022-10-07T11:22:55","modified_gmt":"2022-10-07T11:22:55","slug":"budget-request","status":"publish","type":"page","link":"https:\/\/vproductions.pt\/en\/budget-request\/","title":{"rendered":"Budget Request"},"content":{"rendered":"<p><div class=\"fusion-fullwidth fullwidth-box fusion-builder-row-1 nonhundred-percent-fullwidth non-hundred-percent-height-scrolling\" style=\"--awb-background-position:left top;--awb-border-radius-top-left:0px;--awb-border-radius-top-right:0px;--awb-border-radius-bottom-right:0px;--awb-border-radius-bottom-left:0px;--awb-padding-top:50px;--awb-padding-bottom:70px;--awb-border-sizes-top:0px;--awb-border-sizes-bottom:0px;--awb-flex-wrap:wrap;\" id=\"contact\" ><div class=\"fusion-builder-row fusion-row\"><div class=\"fusion-layout-column fusion_builder_column fusion-builder-column-0 fusion_builder_column_1_5 1_5 fusion-one-fifth fusion-column-first\" style=\"--awb-bg-size:cover;width:16.8%; margin-right: 4%;\"><div class=\"fusion-column-wrapper fusion-flex-column-wrapper-legacy\"><div class=\"fusion-sep-clear\"><\/div><div class=\"fusion-separator fusion-full-width-sep\" style=\"margin-left: auto;margin-right: auto;margin-top:1px;width:100%;\"><\/div><div class=\"fusion-sep-clear\"><\/div><div class=\"fusion-clearfix\"><\/div><\/div><\/div><div class=\"fusion-layout-column fusion_builder_column fusion-builder-column-1 fusion_builder_column_3_5 3_5 fusion-three-fifth\" style=\"--awb-bg-size:cover;width:58.4%; margin-right: 4%;\"><div class=\"fusion-column-wrapper fusion-flex-column-wrapper-legacy\"><div class=\"fusion-text fusion-text-1\"><p style=\"text-align: center; font-size: 22px; letter-spacing: 2px; font-weight: 300;\">Have a business idea? Ask for a quote, it&#8217;s <strong>totally free, and there&#8217;s no commitment.<\/strong><\/p>\n<p style=\"text-align: center; font-size: 22px; letter-spacing: 2px; font-weight: 300;\">You should be the most realistic and detailed as possible in your request for proposal, so that we can give you the most realistic quote possible.<\/p>\n<p style=\"text-align: center; font-size: 22px; letter-spacing: 2px; font-weight: 300;\">We promise <strong>very brief response. <\/strong> <\/p>\n<\/div><div class=\"fusion-sep-clear\"><\/div><div class=\"fusion-separator fusion-full-width-sep\" style=\"margin-left: auto;margin-right: auto;margin-top:40px;width:100%;\"><\/div><div class=\"fusion-sep-clear\"><\/div><div class=\"fusion-clearfix\"><\/div><\/div><\/div><div class=\"fusion-layout-column fusion_builder_column fusion-builder-column-2 fusion_builder_column_1_5 1_5 fusion-one-fifth fusion-column-last\" style=\"--awb-bg-size:cover;width:16.8%;\"><div class=\"fusion-column-wrapper fusion-flex-column-wrapper-legacy\"><div class=\"fusion-sep-clear\"><\/div><div class=\"fusion-separator fusion-full-width-sep\" style=\"margin-left: auto;margin-right: auto;margin-top:1px;width:100%;\"><\/div><div class=\"fusion-sep-clear\"><\/div><div class=\"fusion-clearfix\"><\/div><\/div><\/div><div class=\"fusion-layout-column fusion_builder_column fusion-builder-column-3 fusion_builder_column_1_4 1_4 fusion-one-fourth fusion-column-first\" style=\"--awb-bg-size:cover;width:22%; margin-right: 4%;\"><div class=\"fusion-column-wrapper fusion-flex-column-wrapper-legacy\"><div class=\"fusion-sep-clear\"><\/div><div class=\"fusion-separator fusion-full-width-sep\" style=\"margin-left: auto;margin-right: auto;margin-top:1px;width:100%;\"><\/div><div class=\"fusion-sep-clear\"><\/div><div class=\"fusion-clearfix\"><\/div><\/div><\/div><div class=\"fusion-layout-column fusion_builder_column fusion-builder-column-4 fusion_builder_column_1_2 1_2 fusion-one-half\" style=\"--awb-bg-size:cover;width:48%; margin-right: 4%;\"><div class=\"fusion-column-wrapper fusion-flex-column-wrapper-legacy\"><div class=\"fusion-text fusion-text-2\">\n<div class=\"wpcf7 no-js\" id=\"wpcf7-f14935-o1\" lang=\"en-US\" dir=\"ltr\" data-wpcf7-id=\"14935\">\n<div class=\"screen-reader-response\"><p role=\"status\" aria-live=\"polite\" aria-atomic=\"true\"><\/p> <ul><\/ul><\/div>\n<form action=\"\/en\/wp-json\/wp\/v2\/pages\/14656#wpcf7-f14935-o1\" method=\"post\" class=\"wpcf7-form init\" aria-label=\"Contact form\" novalidate=\"novalidate\" data-status=\"init\">\n<fieldset class=\"hidden-fields-container\"><input type=\"hidden\" name=\"_wpcf7\" value=\"14935\" \/><input type=\"hidden\" name=\"_wpcf7_version\" value=\"6.1.4\" \/><input type=\"hidden\" name=\"_wpcf7_locale\" value=\"en_US\" \/><input type=\"hidden\" name=\"_wpcf7_unit_tag\" value=\"wpcf7-f14935-o1\" \/><input type=\"hidden\" name=\"_wpcf7_container_post\" value=\"0\" \/><input type=\"hidden\" name=\"_wpcf7_posted_data_hash\" value=\"\" \/><input type=\"hidden\" name=\"_wpcf7_recaptcha_response\" value=\"\" \/>\n<\/fieldset>\n<p><span class=\"wpcf7-form-control-wrap\" data-name=\"your-name\"><input size=\"40\" maxlength=\"400\" class=\"wpcf7-form-control wpcf7-text wpcf7-validates-as-required\" aria-required=\"true\" aria-invalid=\"false\" placeholder=\"NAME*\" value=\"\" type=\"text\" name=\"your-name\" \/><\/span>\n<\/p>\n<p><span class=\"wpcf7-form-control-wrap\" data-name=\"your-email\"><input size=\"40\" maxlength=\"400\" class=\"wpcf7-form-control wpcf7-email wpcf7-validates-as-required wpcf7-text wpcf7-validates-as-email\" aria-required=\"true\" aria-invalid=\"false\" placeholder=\"EMAIL*\" value=\"\" type=\"email\" name=\"your-email\" \/><\/span>\n<\/p>\n<p><span class=\"wpcf7-form-control-wrap\" data-name=\"tel-145\"><input size=\"40\" maxlength=\"400\" class=\"wpcf7-form-control wpcf7-tel wpcf7-text wpcf7-validates-as-tel\" aria-invalid=\"false\" placeholder=\"PHONE NUMBER*\" value=\"\" type=\"tel\" name=\"tel-145\" \/><\/span>\n<\/p>\n<p><span class=\"wpcf7-form-control-wrap\" data-name=\"your-message\"><textarea cols=\"40\" rows=\"10\" maxlength=\"2000\" class=\"wpcf7-form-control wpcf7-textarea\" aria-invalid=\"false\" placeholder=\"HOW CAN WE HELP YOU?\" name=\"your-message\"><\/textarea><\/span>\n<\/p>\n<p><label> What service(s) are you interested in?<\/label>\n<\/p>\n<div class=\"content-column one_half\">\n\t<div style=\"padding:\">\n\t\t<p><span class=\"wpcf7-form-control-wrap\" data-name=\"OquePretende\"><span class=\"wpcf7-form-control wpcf7-checkbox\"><span class=\"wpcf7-list-item first\"><label><input type=\"checkbox\" name=\"OquePretende[]\" value=\"Cria\u00e7\u00e3o de Sites\" \/><span class=\"wpcf7-list-item-label\">Cria\u00e7\u00e3o de Sites<\/span><\/label><\/span><span class=\"wpcf7-list-item\"><label><input type=\"checkbox\" name=\"OquePretende[]\" value=\"Optimiza\u00e7\u00e3o de Sites\" \/><span class=\"wpcf7-list-item-label\">Optimiza\u00e7\u00e3o de Sites<\/span><\/label><\/span><span class=\"wpcf7-list-item\"><label><input type=\"checkbox\" name=\"OquePretende[]\" value=\"Manuten\u00e7\u00e3o de Sites\" \/><span class=\"wpcf7-list-item-label\">Manuten\u00e7\u00e3o de Sites<\/span><\/label><\/span><span class=\"wpcf7-list-item\"><label><input type=\"checkbox\" name=\"OquePretende[]\" value=\"Design Log\u00f3tipos\" \/><span class=\"wpcf7-list-item-label\">Design Log\u00f3tipos<\/span><\/label><\/span><span class=\"wpcf7-list-item\"><label><input type=\"checkbox\" name=\"OquePretende[]\" value=\"Design Folhetos\" \/><span class=\"wpcf7-list-item-label\">Design Folhetos<\/span><\/label><\/span><span class=\"wpcf7-list-item\"><label><input type=\"checkbox\" name=\"OquePretende[]\" value=\"Design Cartazes\" \/><span class=\"wpcf7-list-item-label\">Design Cartazes<\/span><\/label><\/span><span class=\"wpcf7-list-item last\"><label><input type=\"checkbox\" name=\"OquePretende[]\" value=\"Design Cart\u00f5es\" \/><span class=\"wpcf7-list-item-label\">Design Cart\u00f5es<\/span><\/label><\/span><\/span><\/span>\n\t\t<\/p>\n\t<\/div>\n<\/div>\n<div class=\"content-column one_half last_column\">\n\t<p><span class=\"wpcf7-form-control-wrap\" data-name=\"OquePretende2\"><span class=\"wpcf7-form-control wpcf7-checkbox\"><span class=\"wpcf7-list-item first\"><label><input type=\"checkbox\" name=\"OquePretende2[]\" value=\"Design Montras\" \/><span class=\"wpcf7-list-item-label\">Design Montras<\/span><\/label><\/span><span class=\"wpcf7-list-item\"><label><input type=\"checkbox\" name=\"OquePretende2[]\" value=\"Design Mupis\" \/><span class=\"wpcf7-list-item-label\">Design Mupis<\/span><\/label><\/span><span class=\"wpcf7-list-item\"><label><input type=\"checkbox\" name=\"OquePretende2[]\" value=\"Design Outdoors\" \/><span class=\"wpcf7-list-item-label\">Design Outdoors<\/span><\/label><\/span><span class=\"wpcf7-list-item\"><label><input type=\"checkbox\" name=\"OquePretende2[]\" value=\"Design Rollups\" \/><span class=\"wpcf7-list-item-label\">Design Rollups<\/span><\/label><\/span><span class=\"wpcf7-list-item\"><label><input type=\"checkbox\" name=\"OquePretende2[]\" value=\"Design Popups\" \/><span class=\"wpcf7-list-item-label\">Design Popups<\/span><\/label><\/span><span class=\"wpcf7-list-item\"><label><input type=\"checkbox\" name=\"OquePretende2[]\" value=\"Design Redes Sociais\" \/><span class=\"wpcf7-list-item-label\">Design Redes Sociais<\/span><\/label><\/span><span class=\"wpcf7-list-item last\"><label><input type=\"checkbox\" name=\"OquePretende2[]\" value=\"Edi\u00e7\u00e3o V\u00eddeos\" \/><span class=\"wpcf7-list-item-label\">Edi\u00e7\u00e3o V\u00eddeos<\/span><\/label><\/span><\/span><\/span>\n\t<\/p>\n<\/div>\n<div class=\"clear_column\">\n<\/div>\n<div class=\"content-column one_half last_column\">\n\t<p><span class=\"wpcf7-form-control-wrap\" data-name=\"politicaprivacidade\"><span class=\"wpcf7-form-control wpcf7-checkbox wpcf7-validates-as-required\"><span class=\"wpcf7-list-item first last\"><label><input type=\"checkbox\" name=\"politicaprivacidade[]\" value=\"I have read and accept the\" \/><span class=\"wpcf7-list-item-label\">I have read and accept the<\/span><\/label><\/span><\/span><\/span><a href=\"https:\/\/vproductions.pt\/en\/privacy-policy\/\" target=\"_blank\">Privacy Policy<\/a> and <a href=\"https:\/\/vproductions.pt\/en\/cookies-policy\/\" target=\"_blank\">Cookie Policy<\/a>\n\t<\/p>\n<\/div>\n<div class=\"clear_column\">\n<\/div>\n<p><input class=\"wpcf7-form-control wpcf7-submit has-spinner\" type=\"submit\" value=\"PEDIR OR\u00c7AMENTO\" \/>\n<\/p><div class=\"fusion-alert alert custom alert-custom fusion-alert-center wpcf7-response-output fusion-alert-capitalize awb-alert-native-link-color alert-dismissable awb-alert-close-boxed\" style=\"--awb-border-top-left-radius:0px;--awb-border-top-right-radius:0px;--awb-border-bottom-left-radius:0px;--awb-border-bottom-right-radius:0px;\" role=\"alert\"><div class=\"fusion-alert-content-wrapper\"><span class=\"fusion-alert-content\"><\/span><\/div><button type=\"button\" class=\"close toggle-alert\" data-dismiss=\"alert\" aria-label=\"Close\">&times;<\/button><\/div>\n<\/form>\n<\/div>\n\n<\/div><div class=\"fusion-sep-clear\"><\/div><div class=\"fusion-separator fusion-full-width-sep\" style=\"margin-left: auto;margin-right: auto;margin-top:1px;width:100%;\"><\/div><div class=\"fusion-sep-clear\"><\/div><div class=\"fusion-clearfix\"><\/div><\/div><\/div><div class=\"fusion-layout-column fusion_builder_column fusion-builder-column-5 fusion_builder_column_1_4 1_4 fusion-one-fourth fusion-column-last\" style=\"--awb-bg-size:cover;width:22%;\"><div class=\"fusion-column-wrapper fusion-flex-column-wrapper-legacy\"><div class=\"fusion-sep-clear\"><\/div><div class=\"fusion-separator fusion-full-width-sep\" style=\"margin-left: auto;margin-right: auto;margin-top:1px;width:100%;\"><\/div><div class=\"fusion-sep-clear\"><\/div><div class=\"fusion-clearfix\"><\/div><\/div><\/div><div class=\"fusion-layout-column fusion_builder_column fusion-builder-column-6 fusion_builder_column_1_4 1_4 fusion-one-fourth fusion-column-first\" style=\"--awb-bg-size:cover;width:22%; margin-right: 4%;\"><div class=\"fusion-column-wrapper fusion-flex-column-wrapper-legacy\"><div class=\"fusion-sep-clear\"><\/div><div class=\"fusion-separator fusion-full-width-sep\" style=\"margin-left: auto;margin-right: auto;margin-top:1px;width:100%;\"><\/div><div class=\"fusion-sep-clear\"><\/div><div class=\"fusion-clearfix\"><\/div><\/div><\/div><div class=\"fusion-layout-column fusion_builder_column fusion-builder-column-7 fusion_builder_column_1_2 1_2 fusion-one-half\" style=\"--awb-padding-top:40px;--awb-bg-size:cover;width:48%; margin-right: 4%;\"><div class=\"fusion-column-wrapper fusion-flex-column-wrapper-legacy\"><div class=\"fusion-text fusion-text-3\"><p style=\"text-align: center; font-size: 22px; letter-spacing: 2px; font-weight: 300;\">If you do not wish to contact us using the form, you can contact us in other ways <strong>below mentioned<\/strong>.<\/p>\n<\/div><div class=\"fusion-clearfix\"><\/div><\/div><\/div><div class=\"fusion-layout-column fusion_builder_column fusion-builder-column-8 fusion_builder_column_1_4 1_4 fusion-one-fourth fusion-column-last\" style=\"--awb-bg-size:cover;width:22%;\"><div class=\"fusion-column-wrapper fusion-flex-column-wrapper-legacy\"><div class=\"fusion-sep-clear\"><\/div><div class=\"fusion-separator fusion-full-width-sep\" style=\"margin-left: auto;margin-right: auto;margin-top:1px;width:100%;\"><\/div><div class=\"fusion-sep-clear\"><\/div><div class=\"fusion-clearfix\"><\/div><\/div><\/div><\/div><\/div><div class=\"fusion-fullwidth fullwidth-box fusion-builder-row-2 nonhundred-percent-fullwidth non-hundred-percent-height-scrolling fusion-equal-height-columns\" style=\"--awb-border-radius-top-left:0px;--awb-border-radius-top-right:0px;--awb-border-radius-bottom-right:0px;--awb-border-radius-bottom-left:0px;--awb-background-color:#e9a825;--awb-border-sizes-top:0px;--awb-border-sizes-bottom:0px;--awb-flex-wrap:wrap;\" ><div class=\"fusion-builder-row fusion-row\"><div class=\"fusion-layout-column fusion_builder_column fusion-builder-column-9 fusion_builder_column_1_1 1_1 fusion-one-full fusion-column-first fusion-column-last\" style=\"--awb-padding-top:5%;--awb-padding-bottom:5%;--awb-bg-size:cover;\"><div class=\"fusion-column-wrapper fusion-flex-column-wrapper-legacy\"><div class=\"fusion-column-content-centered\"><div class=\"fusion-column-content\"><div class=\"fusion-sep-clear\"><\/div><div class=\"fusion-separator fusion-full-width-sep\" style=\"margin-left: auto;margin-right: auto;margin-top:15px;width:100%;\"><\/div><div class=\"fusion-sep-clear\"><\/div><div class=\"fusion-text fusion-text-4\"><h1 style=\"text-align: center;\" data-inline-fontsize=\"true\" data-inline-lineheight=\"true\" data-fontsize=\"84\" data-lineheight=\"60\"><span style=\"color: #ffffff;\">Contact Alternatives<\/span><\/h1>\n<\/div><div class=\"fusion-text fusion-text-5\"><p style=\"font-weight: 300; text-align: center; color: #fff; letter-spacing: 2px;\">You have many alternatives at your disposal, as you can see below.<\/p>\n<\/div><div class=\"fusion-sep-clear\"><\/div><div class=\"fusion-separator fusion-full-width-sep\" style=\"margin-left: auto;margin-right: auto;margin-top:50px;width:100%;\"><\/div><div class=\"fusion-sep-clear\"><\/div><div class=\"fusion-content-boxes content-boxes columns row fusion-columns-3 fusion-columns-total-3 fusion-content-boxes-1 content-boxes-icon-on-top content-left\" style=\"--awb-body-color:#ffffff;--awb-title-color:#ffffff;--awb-iconcolor:#2176ff;--awb-hover-accent-color:#ffffff;--awb-circle-hover-accent-color:#ffffff;\" data-animationOffset=\"top-into-view\"><div style=\"--awb-backgroundcolor:rgba(255,255,255,0);--awb-iconcolor:#2176ff;\" class=\"fusion-column content-box-column content-box-column content-box-column-1 col-lg-4 col-md-4 col-sm-4 fusion-content-box-hover content-box-column-first-in-row\"><div class=\"col content-box-wrapper content-wrapper link-area-box icon-hover-animation-pulsate\" data-animationOffset=\"top-into-view\"><div class=\"heading heading-with-icon icon-left\"><div class=\"icon\"><i style=\"border-color:#ffffff;border-width:1px;background-color:#ffffff;box-sizing:content-box;height:84px;width:84px;line-height:84px;border-radius:50%;font-size:42px;\" aria-hidden=\"true\" class=\"fontawesome-icon fa fa-phone circle-yes\"><\/i><\/div><h2 class=\"content-box-heading fusion-responsive-typography-calculated\" style=\"--h2_typography-font-size:24px;--fontSize:24;line-height:2.92;\">+351 964 399 126<\/h2><\/div><\/div><\/div><div style=\"--awb-backgroundcolor:rgba(255,255,255,0);--awb-iconcolor:#2176ff;\" class=\"fusion-column content-box-column content-box-column content-box-column-2 col-lg-4 col-md-4 col-sm-4 fusion-content-box-hover \"><div class=\"col content-box-wrapper content-wrapper link-area-box link-type-text icon-hover-animation-pulsate\" data-link=\"https:\/\/www.facebook.com\/Vproductions-183770572347357\/\" data-link-target=\"_blank\" data-animationOffset=\"top-into-view\"><div class=\"heading heading-with-icon icon-left\"><a class=\"heading-link\" href=\"https:\/\/www.facebook.com\/Vproductions-183770572347357\/\" target=\"_blank\" rel=\"noopener noreferrer\"><div class=\"icon\"><i style=\"border-color:#ffffff;border-width:1px;background-color:#ffffff;box-sizing:content-box;height:84px;width:84px;line-height:84px;border-radius:50%;font-size:42px;\" aria-hidden=\"true\" class=\"fontawesome-icon fa fa-facebook circle-yes\"><\/i><\/div><h2 class=\"content-box-heading fusion-responsive-typography-calculated\" style=\"--h2_typography-font-size:24px;--fontSize:24;line-height:2.92;\">Facebook<\/h2><\/a><\/div><\/div><\/div><div style=\"--awb-backgroundcolor:rgba(255,255,255,0);--awb-iconcolor:#2176ff;\" class=\"fusion-column content-box-column content-box-column content-box-column-3 col-lg-4 col-md-4 col-sm-4 fusion-content-box-hover content-box-column-last content-box-column-last-in-row\"><div class=\"col content-box-wrapper content-wrapper link-area-box link-type-text icon-hover-animation-pulsate\" data-link=\"mailto:geral@vproductions.pt\" data-link-target=\"_self\" data-animationOffset=\"top-into-view\"><div class=\"heading heading-with-icon icon-left\"><a class=\"heading-link\" href=\"mailto:geral@vproductions.pt\" target=\"_self\"><div class=\"icon\"><i style=\"border-color:#ffffff;border-width:1px;background-color:#ffffff;box-sizing:content-box;height:84px;width:84px;line-height:84px;border-radius:50%;font-size:42px;\" aria-hidden=\"true\" class=\"fontawesome-icon fa fa-paper-plane circle-yes\"><\/i><\/div><h2 class=\"content-box-heading fusion-responsive-typography-calculated\" style=\"--h2_typography-font-size:24px;--fontSize:24;line-height:2.92;\">Send email<\/h2><\/a><\/div><\/div><\/div><div class=\"fusion-clearfix\"><\/div><\/div><div class=\"fusion-sep-clear\"><\/div><div class=\"fusion-separator fusion-full-width-sep\" style=\"margin-left: auto;margin-right: auto;margin-top:20px;width:100%;\"><\/div><div class=\"fusion-sep-clear\"><\/div><\/div><\/div><div class=\"fusion-clearfix\"><\/div><\/div><\/div><\/div><\/div><\/p>\n","protected":false},"excerpt":{"rendered":"","protected":false},"author":3,"featured_media":0,"parent":0,"menu_order":0,"comment_status":"closed","ping_status":"closed","template":"100-width.php","meta":{"footnotes":""},"class_list":["post-14656","page","type-page","status-publish","hentry"],"yoast_head":"<!-- This site is optimized with the Yoast SEO Premium plugin v26.4 (Yoast SEO v26.5) - https:\/\/yoast.com\/wordpress\/plugins\/seo\/ -->\n<title>Budget Request &#8226; VProductions<\/title>\n<meta name=\"robots\" content=\"index, follow, max-snippet:-1, max-image-preview:large, max-video-preview:-1\" \/>\n<link rel=\"canonical\" href=\"https:\/\/vproductions.pt\/en\/budget-request\/\" \/>\n<meta property=\"og:locale\" content=\"en_US\" \/>\n<meta property=\"og:type\" content=\"article\" \/>\n<meta property=\"og:title\" content=\"Budget Request\" \/>\n<meta property=\"og:url\" content=\"https:\/\/vproductions.pt\/en\/budget-request\/\" \/>\n<meta property=\"og:site_name\" content=\"VProductions\" \/>\n<meta property=\"article:publisher\" content=\"https:\/\/www.facebook.com\/vproductionsPT\" \/>\n<meta property=\"article:modified_time\" content=\"2022-10-07T11:22:55+00:00\" \/>\n<meta property=\"og:image\" content=\"https:\/\/vproductions.pt\/wp-content\/uploads\/2024\/03\/347253800_1636193180213477_4027258439993746456_n.jpg\" \/>\n\t<meta property=\"og:image:width\" content=\"2000\" \/>\n\t<meta property=\"og:image:height\" content=\"2000\" \/>\n\t<meta property=\"og:image:type\" content=\"image\/jpeg\" \/>\n<meta name=\"twitter:card\" content=\"summary_large_image\" \/>\n<meta name=\"twitter:label1\" content=\"Est. reading time\" \/>\n\t<meta name=\"twitter:data1\" content=\"8 minutes\" \/>\n<script type=\"application\/ld+json\" class=\"yoast-schema-graph\">{\"@context\":\"https:\/\/schema.org\",\"@graph\":[{\"@type\":\"WebPage\",\"@id\":\"https:\/\/vproductions.pt\/en\/budget-request\/\",\"url\":\"https:\/\/vproductions.pt\/en\/budget-request\/\",\"name\":\"Budget Request &#8226; VProductions\",\"isPartOf\":{\"@id\":\"https:\/\/vproductions.pt\/en\/#website\"},\"datePublished\":\"2018-03-30T13:28:10+00:00\",\"dateModified\":\"2022-10-07T11:22:55+00:00\",\"breadcrumb\":{\"@id\":\"https:\/\/vproductions.pt\/en\/budget-request\/#breadcrumb\"},\"inLanguage\":\"en-US\",\"potentialAction\":[{\"@type\":\"ReadAction\",\"target\":[\"https:\/\/vproductions.pt\/en\/budget-request\/\"]}]},{\"@type\":\"BreadcrumbList\",\"@id\":\"https:\/\/vproductions.pt\/en\/budget-request\/#breadcrumb\",\"itemListElement\":[{\"@type\":\"ListItem\",\"position\":1,\"name\":\"In\u00edcio\",\"item\":\"https:\/\/vproductions.pt\/en\/\"},{\"@type\":\"ListItem\",\"position\":2,\"name\":\"Budget Request\"}]},{\"@type\":\"WebSite\",\"@id\":\"https:\/\/vproductions.pt\/en\/#website\",\"url\":\"https:\/\/vproductions.pt\/en\/\",\"name\":\"VProductions\",\"description\":\"Web &amp; Design solutions\",\"publisher\":{\"@id\":\"https:\/\/vproductions.pt\/en\/#organization\"},\"potentialAction\":[{\"@type\":\"SearchAction\",\"target\":{\"@type\":\"EntryPoint\",\"urlTemplate\":\"https:\/\/vproductions.pt\/en\/?s={search_term_string}\"},\"query-input\":{\"@type\":\"PropertyValueSpecification\",\"valueRequired\":true,\"valueName\":\"search_term_string\"}}],\"inLanguage\":\"en-US\"},{\"@type\":\"Organization\",\"@id\":\"https:\/\/vproductions.pt\/en\/#organization\",\"name\":\"VProductions\",\"url\":\"https:\/\/vproductions.pt\/en\/\",\"logo\":{\"@type\":\"ImageObject\",\"inLanguage\":\"en-US\",\"@id\":\"https:\/\/vproductions.pt\/en\/#\/schema\/logo\/image\/\",\"url\":\"https:\/\/vproductions.pt\/wp-content\/uploads\/2024\/03\/347253800_1636193180213477_4027258439993746456_n.jpg\",\"contentUrl\":\"https:\/\/vproductions.pt\/wp-content\/uploads\/2024\/03\/347253800_1636193180213477_4027258439993746456_n.jpg\",\"width\":2000,\"height\":2000,\"caption\":\"VProductions\"},\"image\":{\"@id\":\"https:\/\/vproductions.pt\/en\/#\/schema\/logo\/image\/\"},\"sameAs\":[\"https:\/\/www.facebook.com\/vproductionsPT\",\"https:\/\/www.instagram.com\/vproductionspt\/\"]}]}<\/script>\n<!-- \/ Yoast SEO Premium plugin. -->","yoast_head_json":{"title":"Budget Request &#8226; VProductions","robots":{"index":"index","follow":"follow","max-snippet":"max-snippet:-1","max-image-preview":"max-image-preview:large","max-video-preview":"max-video-preview:-1"},"canonical":"https:\/\/vproductions.pt\/en\/budget-request\/","og_locale":"en_US","og_type":"article","og_title":"Budget Request","og_url":"https:\/\/vproductions.pt\/en\/budget-request\/","og_site_name":"VProductions","article_publisher":"https:\/\/www.facebook.com\/vproductionsPT","article_modified_time":"2022-10-07T11:22:55+00:00","og_image":[{"width":2000,"height":2000,"url":"https:\/\/vproductions.pt\/wp-content\/uploads\/2024\/03\/347253800_1636193180213477_4027258439993746456_n.jpg","type":"image\/jpeg"}],"twitter_card":"summary_large_image","twitter_misc":{"Est. reading time":"8 minutes"},"schema":{"@context":"https:\/\/schema.org","@graph":[{"@type":"WebPage","@id":"https:\/\/vproductions.pt\/en\/budget-request\/","url":"https:\/\/vproductions.pt\/en\/budget-request\/","name":"Budget Request &#8226; VProductions","isPartOf":{"@id":"https:\/\/vproductions.pt\/en\/#website"},"datePublished":"2018-03-30T13:28:10+00:00","dateModified":"2022-10-07T11:22:55+00:00","breadcrumb":{"@id":"https:\/\/vproductions.pt\/en\/budget-request\/#breadcrumb"},"inLanguage":"en-US","potentialAction":[{"@type":"ReadAction","target":["https:\/\/vproductions.pt\/en\/budget-request\/"]}]},{"@type":"BreadcrumbList","@id":"https:\/\/vproductions.pt\/en\/budget-request\/#breadcrumb","itemListElement":[{"@type":"ListItem","position":1,"name":"In\u00edcio","item":"https:\/\/vproductions.pt\/en\/"},{"@type":"ListItem","position":2,"name":"Budget Request"}]},{"@type":"WebSite","@id":"https:\/\/vproductions.pt\/en\/#website","url":"https:\/\/vproductions.pt\/en\/","name":"VProductions","description":"Web &amp; Design solutions","publisher":{"@id":"https:\/\/vproductions.pt\/en\/#organization"},"potentialAction":[{"@type":"SearchAction","target":{"@type":"EntryPoint","urlTemplate":"https:\/\/vproductions.pt\/en\/?s={search_term_string}"},"query-input":{"@type":"PropertyValueSpecification","valueRequired":true,"valueName":"search_term_string"}}],"inLanguage":"en-US"},{"@type":"Organization","@id":"https:\/\/vproductions.pt\/en\/#organization","name":"VProductions","url":"https:\/\/vproductions.pt\/en\/","logo":{"@type":"ImageObject","inLanguage":"en-US","@id":"https:\/\/vproductions.pt\/en\/#\/schema\/logo\/image\/","url":"https:\/\/vproductions.pt\/wp-content\/uploads\/2024\/03\/347253800_1636193180213477_4027258439993746456_n.jpg","contentUrl":"https:\/\/vproductions.pt\/wp-content\/uploads\/2024\/03\/347253800_1636193180213477_4027258439993746456_n.jpg","width":2000,"height":2000,"caption":"VProductions"},"image":{"@id":"https:\/\/vproductions.pt\/en\/#\/schema\/logo\/image\/"},"sameAs":["https:\/\/www.facebook.com\/vproductionsPT","https:\/\/www.instagram.com\/vproductionspt\/"]}]}},"_links":{"self":[{"href":"https:\/\/vproductions.pt\/en\/wp-json\/wp\/v2\/pages\/14656","targetHints":{"allow":["GET"]}}],"collection":[{"href":"https:\/\/vproductions.pt\/en\/wp-json\/wp\/v2\/pages"}],"about":[{"href":"https:\/\/vproductions.pt\/en\/wp-json\/wp\/v2\/types\/page"}],"author":[{"embeddable":true,"href":"https:\/\/vproductions.pt\/en\/wp-json\/wp\/v2\/users\/3"}],"replies":[{"embeddable":true,"href":"https:\/\/vproductions.pt\/en\/wp-json\/wp\/v2\/comments?post=14656"}],"version-history":[{"count":0,"href":"https:\/\/vproductions.pt\/en\/wp-json\/wp\/v2\/pages\/14656\/revisions"}],"wp:attachment":[{"href":"https:\/\/vproductions.pt\/en\/wp-json\/wp\/v2\/media?parent=14656"}],"curies":[{"name":"wp","href":"https:\/\/api.w.org\/{rel}","templated":true}]}}